{"id":7,"date":"2025-05-13T00:13:43","date_gmt":"2025-05-12T22:13:43","guid":{"rendered":"https:\/\/ctasoftware.pl\/?page_id=7"},"modified":"2026-03-11T11:17:34","modified_gmt":"2026-03-11T10:17:34","slug":"strona-glowna","status":"publish","type":"page","link":"https:\/\/ctasoftware.pl\/","title":{"rendered":"Strona g\u0142\u00f3wna"},"content":{"rendered":"<p>[et_pb_section fb_built=&#8221;1&#8243; custom_padding_last_edited=&#8221;on|phone&#8221; admin_label=&#8221;Header&#8221; _builder_version=&#8221;4.19.5&#8243; _module_preset=&#8221;default&#8221; background_color=&#8221;gcid-1bcf785a-50e1-437b-b09f-65567babc1de&#8221; use_background_color_gradient=&#8221;on&#8221; background_color_gradient_type=&#8221;elliptical&#8221; background_color_gradient_direction_radial=&#8221;right&#8221; background_color_gradient_stops=&#8221;rgba(121,58,255,0.65) 0%|rgba(255,255,255,0) 72%&#8221; background_image=&#8221;https:\/\/ctasoftware.pl\/wp-content\/uploads\/2025\/05\/grid-bg-1.png&#8221; background_size=&#8221;initial&#8221; background_position=&#8221;top_center&#8221; background_repeat=&#8221;repeat&#8221; overflow-x=&#8221;hidden&#8221; overflow-y=&#8221;hidden&#8221; custom_padding=&#8221;110px||||false|false&#8221; custom_padding_tablet=&#8221;40px||||false|false&#8221; custom_padding_phone=&#8221;40px||||false|false&#8221; collapsed=&#8221;off&#8221; global_colors_info=&#8221;{%22gcid-1bcf785a-50e1-437b-b09f-65567babc1de%22:%91%22background_color%22,%22background_color_gradient_stops%22%93}&#8221;][et_pb_row column_structure=&#8221;2_3,1_3&#8243; _builder_version=&#8221;4.19.5&#8243; _module_preset=&#8221;default&#8221; global_colors_info=&#8221;{}&#8221;][et_pb_column type=&#8221;2_3&#8243; _builder_version=&#8221;4.19.5&#8243; _module_preset=&#8221;default&#8221; z_index=&#8221;10&#8243; global_colors_info=&#8221;{}&#8221;][et_pb_image src=&#8221;https:\/\/ctasoftware.pl\/wp-content\/uploads\/2025\/05\/ctasoftware-logo.svg&#8221; title_text=&#8221;ctasoftware-logo&#8221; _builder_version=&#8221;4.27.4&#8243; _module_preset=&#8221;default&#8221; global_colors_info=&#8221;{}&#8221;][\/et_pb_image][et_pb_text _builder_version=&#8221;4.27.4&#8243; _module_preset=&#8221;5a2a22ce-1116-4fd1-b9e5-0efe504fe323&#8243; locked=&#8221;off&#8221; global_colors_info=&#8221;{%22gcid-39bb5ebd-8d97-4670-a45a-b1ffd711f3fc%22:%91%22header_4_text_color%22%93}&#8221;]<\/p>\n<h4>Oprogramowanie dedykowane<\/h4>\n<p>[\/et_pb_text][et_pb_text _builder_version=&#8221;4.27.4&#8243; _module_preset=&#8221;168cd7c4-7a4a-493b-a2f1-a88839871df1&#8243; header_font_size=&#8221;80px&#8221; custom_margin=&#8221;||10px||false|false&#8221; locked=&#8221;off&#8221; global_colors_info=&#8221;{}&#8221;]<\/p>\n<h1>Rozwijaj swoj\u0105 firm\u0119 razem z nami<\/h1>\n<p>[\/et_pb_text][et_pb_text _builder_version=&#8221;4.27.4&#8243; _module_preset=&#8221;3fdbabd5-d846-4931-9ebf-24bee8898ece&#8221; max_width=&#8221;500px&#8221; global_colors_info=&#8221;{}&#8221;]oferujemy innowacyjne rozwi\u0105zania oprogramowania, kt\u00f3re usprawni\u0105 Twoje procesy biznesowe i przyspiesz\u0105 wzrost. Zaufaj naszym ekspertom i wejd\u017a na wy\u017cszy poziom efektywno\u015bci![\/et_pb_text][et_pb_button button_url=&#8221;mailto:biuro@ctasoftware.pl&#8221; button_text=&#8221;Um\u00f3w si\u0119 na spotkanie&#8221; _builder_version=&#8221;4.27.4&#8243; _module_preset=&#8221;6de9372c-51c7-44a2-bd22-793313480347&#8243; locked=&#8221;off&#8221; global_colors_info=&#8221;{}&#8221;][\/et_pb_button][\/et_pb_column][et_pb_column type=&#8221;1_3&#8243; _builder_version=&#8221;4.19.2&#8243; _module_preset=&#8221;default&#8221; global_colors_info=&#8221;{}&#8221;][et_pb_image src=&#8221;https:\/\/ctasoftware.pl\/wp-content\/uploads\/2025\/05\/brain-1.png&#8221; title_text=&#8221;brain&#8221; _builder_version=&#8221;4.19.5&#8243; _module_preset=&#8221;default&#8221; custom_margin=&#8221;-60%|-110%||-80%|false|false&#8221; custom_margin_tablet=&#8221;0%|0%||0%|false|false&#8221; custom_margin_phone=&#8221;0%|0%||0%|false|false&#8221; custom_margin_last_edited=&#8221;on|tablet&#8221; scroll_vertical_motion=&#8221;0|50|50|100|-1|0|1&#8243; scroll_scaling=&#8221;0|50|50|100|100%|100|70%&#8221; global_colors_info=&#8221;{}&#8221;][\/et_pb_image][\/et_pb_column][\/et_pb_row][\/et_pb_section][et_pb_section fb_built=&#8221;1&#8243; admin_label=&#8221;About&#8221; _builder_version=&#8221;4.19.5&#8243; _module_preset=&#8221;default&#8221; background_color=&#8221;gcid-1bcf785a-50e1-437b-b09f-65567babc1de&#8221; collapsed=&#8221;on&#8221; global_colors_info=&#8221;{%22gcid-1bcf785a-50e1-437b-b09f-65567babc1de%22:%91%22background_color%22%93}&#8221; theme_builder_area=&#8221;post_content&#8221;][et_pb_row column_structure=&#8221;1_2,1_2&#8243; _builder_version=&#8221;4.19.5&#8243; _module_preset=&#8221;default&#8221; custom_padding=&#8221;8px|||||&#8221; global_colors_info=&#8221;{}&#8221; theme_builder_area=&#8221;post_content&#8221;][et_pb_column type=&#8221;1_2&#8243; _builder_version=&#8221;4.19.2&#8243; _module_preset=&#8221;default&#8221; global_colors_info=&#8221;{}&#8221; theme_builder_area=&#8221;post_content&#8221;][et_pb_image src=&#8221;https:\/\/ctasoftware.pl\/wp-content\/uploads\/2026\/03\/oee_cta.png&#8221; title_text=&#8221;oee_cta&#8221; _builder_version=&#8221;4.27.4&#8243; _module_preset=&#8221;default&#8221; custom_margin=&#8221;|||-20%|false|false&#8221; custom_margin_tablet=&#8221;|||0%|false|false&#8221; custom_margin_phone=&#8221;|||0%|false|false&#8221; custom_margin_last_edited=&#8221;on|tablet&#8221; custom_padding=&#8221;77px|||||&#8221; scroll_scaling_enable=&#8221;on&#8221; scroll_scaling=&#8221;0|50|50|100|90%|100|100&#8243; scroll_blur_enable=&#8221;on&#8221; hover_enabled=&#8221;0&#8243; global_colors_info=&#8221;{}&#8221; theme_builder_area=&#8221;post_content&#8221; border_radii=&#8221;on|20px|20px|20px|20px&#8221; sticky_enabled=&#8221;0&#8243;][\/et_pb_image][\/et_pb_column][et_pb_column type=&#8221;1_2&#8243; _builder_version=&#8221;4.19.5&#8243; _module_preset=&#8221;default&#8221; custom_padding=&#8221;12%||||false|false&#8221; custom_padding_tablet=&#8221;0%||||false|false&#8221; custom_padding_phone=&#8221;0vw||||false|false&#8221; custom_padding_last_edited=&#8221;on|desktop&#8221; global_colors_info=&#8221;{}&#8221; theme_builder_area=&#8221;post_content&#8221;][et_pb_text _builder_version=&#8221;4.27.4&#8243; _module_preset=&#8221;fe832583-2e68-4a0f-881c-eb65f9620431&#8243; custom_margin=&#8221;||10px||false|false&#8221; global_colors_info=&#8221;{}&#8221; theme_builder_area=&#8221;post_content&#8221;]<\/p>\n<h2><span>Chcesz monitorowa\u0107 wydajno\u015b\u0107 swoich maszyn?<\/span><\/h2>\n<p>[\/et_pb_text][et_pb_text _builder_version=&#8221;4.27.4&#8243; _module_preset=&#8221;5114d806-e003-4365-a762-d71092919565&#8243; global_colors_info=&#8221;{}&#8221; theme_builder_area=&#8221;post_content&#8221;]<\/p>\n<p><span>Tworzymy dedykowane systemy do monitorowania pracy maszyn oraz analizy wska\u017anika OEE (Overall Equipment Effectiveness), kt\u00f3re pozwalaj\u0105 zbiera\u0107 dane bezpo\u015brednio z produkcji i prezentowa\u0107 je w przejrzystych dashboardach. Dzi\u0119ki analizie danych oraz wykorzystaniu algorytm\u00f3w AI mo\u017cliwe jest wykrywanie przestoj\u00f3w, identyfikowanie nieprawid\u0142owo\u015bci w pracy maszyn oraz optymalizacja proces\u00f3w produkcyjnych. Nasze rozwi\u0105zania pomagaj\u0105 lepiej zarz\u0105dza\u0107 produkcj\u0105, zwi\u0119ksza\u0107 wydajno\u015b\u0107 zak\u0142adu i podejmowa\u0107 decyzje oparte na rzeczywistych danych.<\/span><\/p>\n<p>[\/et_pb_text][\/et_pb_column][\/et_pb_row][\/et_pb_section][et_pb_section fb_built=&#8221;1&#8243; admin_label=&#8221;Features&#8221; _builder_version=&#8221;4.19.5&#8243; _module_preset=&#8221;default&#8221; background_color=&#8221;gcid-1bcf785a-50e1-437b-b09f-65567babc1de&#8221; use_background_color_gradient=&#8221;on&#8221; background_color_gradient_stops=&#8221;rgba(255,255,255,0) 70%|#0f0122 100%&#8221; background_color_gradient_overlays_image=&#8221;on&#8221; background_image=&#8221;https:\/\/ctasoftware.pl\/wp-content\/uploads\/2025\/05\/eye-bg-1.png&#8221; background_size=&#8221;initial&#8221; background_position=&#8221;top_center&#8221; collapsed=&#8221;on&#8221; global_colors_info=&#8221;{%22gcid-1bcf785a-50e1-437b-b09f-65567babc1de%22:%91%22background_color%22%93}&#8221;][et_pb_row column_structure=&#8221;1_3,2_3&#8243; _builder_version=&#8221;4.19.2&#8243; _module_preset=&#8221;default&#8221; global_colors_info=&#8221;{}&#8221;][et_pb_column type=&#8221;1_3&#8243; _builder_version=&#8221;4.19.2&#8243; _module_preset=&#8221;default&#8221; global_colors_info=&#8221;{}&#8221;][et_pb_text _builder_version=&#8221;4.27.4&#8243; _module_preset=&#8221;5a2a22ce-1116-4fd1-b9e5-0efe504fe323&#8243; global_colors_info=&#8221;{}&#8221;]<\/p>\n<h4>Stack technologiczny<\/h4>\n<p>[\/et_pb_text][\/et_pb_column][et_pb_column type=&#8221;2_3&#8243; _builder_version=&#8221;4.19.2&#8243; _module_preset=&#8221;default&#8221; global_colors_info=&#8221;{}&#8221;][et_pb_text _builder_version=&#8221;4.27.4&#8243; _module_preset=&#8221;2282a404-d793-48a9-92b8-513e3f166c44&#8243; custom_margin=&#8221;||10px||false|false&#8221; global_colors_info=&#8221;{}&#8221;]<\/p>\n<h2>Te technologie to dla nas codzienno\u015b\u0107<\/h2>\n<p>[\/et_pb_text][et_pb_text _builder_version=&#8221;4.27.4&#8243; _module_preset=&#8221;3fdbabd5-d846-4931-9ebf-24bee8898ece&#8221; global_colors_info=&#8221;{}&#8221;]<\/p>\n<p>Z nami wprowadzisz innowacje, kt\u00f3re nap\u0119dz\u0105 rozw\u00f3j Twojej firmy. Wykorzystujemy najnowsze rozwi\u0105zania, aby zapewni\u0107 Ci przewag\u0119 na rynku.<\/p>\n<p>[\/et_pb_text][\/et_pb_column][\/et_pb_row][et_pb_row column_structure=&#8221;1_3,1_3,1_3&#8243; _builder_version=&#8221;4.19.2&#8243; _module_preset=&#8221;default&#8221; global_colors_info=&#8221;{}&#8221;][et_pb_column type=&#8221;1_3&#8243; _builder_version=&#8221;4.19.2&#8243; _module_preset=&#8221;default&#8221; global_colors_info=&#8221;{}&#8221;][\/et_pb_column][et_pb_column type=&#8221;1_3&#8243; _builder_version=&#8221;4.19.2&#8243; _module_preset=&#8221;default&#8221; custom_padding_tablet=&#8221;||30px||false|false&#8221; custom_padding_phone=&#8221;||30px||false|false&#8221; custom_padding_last_edited=&#8221;on|desktop&#8221; global_colors_info=&#8221;{}&#8221;][et_pb_image src=&#8221;https:\/\/ctasoftware.pl\/wp-content\/uploads\/2025\/05\/laravel-logo.png&#8221; title_text=&#8221;laravel-logo&#8221; _builder_version=&#8221;4.27.4&#8243; _module_preset=&#8221;default&#8221; width=&#8221;100px&#8221; module_alignment=&#8221;left&#8221; max_height=&#8221;100px&#8221; global_colors_info=&#8221;{}&#8221;][\/et_pb_image][et_pb_text _builder_version=&#8221;4.27.4&#8243; _module_preset=&#8221;7703cb5d-3076-4e1f-8fc4-d86e663812cd&#8221; custom_margin=&#8221;||0px||false|false&#8221; global_colors_info=&#8221;{}&#8221;]<\/p>\n<h3>Laravel<\/h3>\n<p>[\/et_pb_text][et_pb_text _builder_version=&#8221;4.27.4&#8243; _module_preset=&#8221;3fdbabd5-d846-4931-9ebf-24bee8898ece&#8221; global_colors_info=&#8221;{}&#8221;]<\/p>\n<p>Laravel to framework PHP, kt\u00f3ry umo\u017cliwia szybkie tworzenie bezpiecznych i wydajnych aplikacji webowych.<\/p>\n<p>[\/et_pb_text][\/et_pb_column][et_pb_column type=&#8221;1_3&#8243; _builder_version=&#8221;4.19.2&#8243; _module_preset=&#8221;default&#8221; global_colors_info=&#8221;{}&#8221;][et_pb_image src=&#8221;https:\/\/ctasoftware.pl\/wp-content\/uploads\/2025\/05\/Vue.js_Logo_2.svg_.png&#8221; title_text=&#8221;Vue.js_Logo_2.svg&#8221; _builder_version=&#8221;4.27.4&#8243; _module_preset=&#8221;default&#8221; width=&#8221;100px&#8221; module_alignment=&#8221;left&#8221; max_height=&#8221;100px&#8221; global_colors_info=&#8221;{}&#8221;][\/et_pb_image][et_pb_text _builder_version=&#8221;4.27.4&#8243; _module_preset=&#8221;7703cb5d-3076-4e1f-8fc4-d86e663812cd&#8221; custom_margin=&#8221;||0px||false|false&#8221; global_colors_info=&#8221;{}&#8221;]<\/p>\n<h3>Vue<\/h3>\n<p>[\/et_pb_text][et_pb_text _builder_version=&#8221;4.27.4&#8243; _module_preset=&#8221;3fdbabd5-d846-4931-9ebf-24bee8898ece&#8221; global_colors_info=&#8221;{}&#8221;]<\/p>\n<p>Vue.js to framework JavaScript do budowy interaktywnych i dynamicznych interfejs\u00f3w u\u017cytkownika.<\/p>\n<p>[\/et_pb_text][\/et_pb_column][\/et_pb_row][et_pb_row column_structure=&#8221;1_3,1_3,1_3&#8243; _builder_version=&#8221;4.19.2&#8243; _module_preset=&#8221;default&#8221; global_colors_info=&#8221;{}&#8221;][et_pb_column type=&#8221;1_3&#8243; _builder_version=&#8221;4.19.2&#8243; _module_preset=&#8221;default&#8221; global_colors_info=&#8221;{}&#8221;][\/et_pb_column][et_pb_column type=&#8221;1_3&#8243; _builder_version=&#8221;4.19.2&#8243; _module_preset=&#8221;default&#8221; custom_padding_tablet=&#8221;||30px||false|false&#8221; custom_padding_phone=&#8221;||30px||false|false&#8221; custom_padding_last_edited=&#8221;on|tablet&#8221; global_colors_info=&#8221;{}&#8221;][et_pb_image src=&#8221;https:\/\/ctasoftware.pl\/wp-content\/uploads\/2025\/05\/elephant.png&#8221; title_text=&#8221;elephant&#8221; _builder_version=&#8221;4.27.4&#8243; _module_preset=&#8221;default&#8221; width=&#8221;100px&#8221; module_alignment=&#8221;left&#8221; max_height=&#8221;100px&#8221; global_colors_info=&#8221;{}&#8221;][\/et_pb_image][et_pb_text _builder_version=&#8221;4.27.4&#8243; _module_preset=&#8221;7703cb5d-3076-4e1f-8fc4-d86e663812cd&#8221; custom_margin=&#8221;||0px||false|false&#8221; global_colors_info=&#8221;{}&#8221;]<\/p>\n<h3>PostgreSQL<\/h3>\n<p>[\/et_pb_text][et_pb_text _builder_version=&#8221;4.27.4&#8243; _module_preset=&#8221;3fdbabd5-d846-4931-9ebf-24bee8898ece&#8221; global_colors_info=&#8221;{}&#8221;]<\/p>\n<p>PostgreSQL to niezawodna baza danych, kt\u00f3ra oferuje zaawansowane funkcje i wysok\u0105 wydajno\u015b\u0107.<\/p>\n<p>[\/et_pb_text][\/et_pb_column][et_pb_column type=&#8221;1_3&#8243; _builder_version=&#8221;4.19.2&#8243; _module_preset=&#8221;default&#8221; global_colors_info=&#8221;{}&#8221;][et_pb_image src=&#8221;https:\/\/ctasoftware.pl\/wp-content\/uploads\/2025\/05\/DigitalOcean_logo.svg_.png&#8221; title_text=&#8221;DigitalOcean_logo.svg&#8221; _builder_version=&#8221;4.27.4&#8243; _module_preset=&#8221;default&#8221; width=&#8221;100px&#8221; module_alignment=&#8221;left&#8221; max_height=&#8221;100px&#8221; global_colors_info=&#8221;{}&#8221;][\/et_pb_image][et_pb_text _builder_version=&#8221;4.27.4&#8243; _module_preset=&#8221;7703cb5d-3076-4e1f-8fc4-d86e663812cd&#8221; custom_margin=&#8221;||0px||false|false&#8221; global_colors_info=&#8221;{}&#8221;]<\/p>\n<h3>DigitalOcean<\/h3>\n<p>[\/et_pb_text][et_pb_text _builder_version=&#8221;4.27.4&#8243; _module_preset=&#8221;3fdbabd5-d846-4931-9ebf-24bee8898ece&#8221; global_colors_info=&#8221;{}&#8221;]<\/p>\n<p>DigitalOcean to platforma chmurowa oferuj\u0105ca szybkie, skalowalne i bezpieczne serwery VPS.<\/p>\n<p>[\/et_pb_text][\/et_pb_column][\/et_pb_row][\/et_pb_section][et_pb_section fb_built=&#8221;1&#8243; admin_label=&#8221;Call to Action&#8221; _builder_version=&#8221;4.19.5&#8243; _module_preset=&#8221;default&#8221; background_color=&#8221;gcid-1bcf785a-50e1-437b-b09f-65567babc1de&#8221; use_background_color_gradient=&#8221;on&#8221; background_color_gradient_stops=&#8221;gcid-1bcf785a-50e1-437b-b09f-65567babc1de 0%|rgba(255,255,255,0) 20%|rgba(255,255,255,0) 80%|gcid-1bcf785a-50e1-437b-b09f-65567babc1de 100%&#8221; background_color_gradient_overlays_image=&#8221;on&#8221; background_image=&#8221;https:\/\/ctasoftware.pl\/wp-content\/uploads\/2025\/05\/eye.png&#8221; background_size=&#8221;contain&#8221; custom_padding=&#8221;10vw||10vw||true|false&#8221; collapsed=&#8221;on&#8221; global_colors_info=&#8221;{%22gcid-1bcf785a-50e1-437b-b09f-65567babc1de%22:%91%22background_color%22,%22background_color_gradient_stops%22%93}&#8221;][et_pb_row _builder_version=&#8221;4.19.5&#8243; _module_preset=&#8221;default&#8221; background_color=&#8221;gcid-f1f9244b-c8ab-43e1-95c3-c0bdf69ac7b5&#8243; background_enable_image=&#8221;off&#8221; custom_padding=&#8221;6%|6%|6%|6%|true|true&#8221; border_radii=&#8221;on|40px|40px|40px|40px&#8221; saved_tabs=&#8221;all&#8221; global_colors_info=&#8221;{%22gcid-f1f9244b-c8ab-43e1-95c3-c0bdf69ac7b5%22:%91%22background_color%22%93}&#8221;][et_pb_column type=&#8221;4_4&#8243; _builder_version=&#8221;4.19.2&#8243; _module_preset=&#8221;default&#8221; global_colors_info=&#8221;{}&#8221;][et_pb_text _builder_version=&#8221;4.27.4&#8243; _module_preset=&#8221;9765ad41-88ab-4ed6-91d9-a999a5a3bfef&#8221; header_font_size=&#8221;27px&#8221; header_2_font_size=&#8221;60px&#8221; text_orientation=&#8221;center&#8221; custom_margin=&#8221;||10px||false|false&#8221; global_colors_info=&#8221;{}&#8221;]<\/p>\n<h2>Chcesz zoptymalizowa\u0107 procesy w Twojej firmie?<\/h2>\n<p>[\/et_pb_text][et_pb_text _builder_version=&#8221;4.27.4&#8243; _module_preset=&#8221;3fdbabd5-d846-4931-9ebf-24bee8898ece&#8221; text_orientation=&#8221;center&#8221; custom_margin=&#8221;||40px||false|false&#8221; global_colors_info=&#8221;{}&#8221;]<\/p>\n<p>Skontaktuj si\u0119 z nami, aby dowiedzie\u0107 si\u0119, jak nasze innowacyjne rozwi\u0105zania mog\u0105 usprawni\u0107 dzia\u0142anie Twojej firmy. Dzi\u0119ki nowoczesnym technologiom i dostosowanym aplikacjom, pomo\u017cemy Ci zwi\u0119kszy\u0107 efektywno\u015b\u0107, zautomatyzowa\u0107 kluczowe procesy i osi\u0105gn\u0105\u0107 lepsze wyniki. Jeste\u015bmy gotowi, by wspiera\u0107 Tw\u00f3j biznes na ka\u017cdym etapie rozwoju.<\/p>\n<p>[\/et_pb_text][et_pb_button button_url=&#8221;mailto:biuro@ctasoftware.pl&#8221; button_text=&#8221;Kontakt&#8221; button_alignment=&#8221;center&#8221; _builder_version=&#8221;4.27.4&#8243; _module_preset=&#8221;b4cc231b-4b2e-4ab1-a35b-14ebaac2e6dd&#8221; global_colors_info=&#8221;{}&#8221;][\/et_pb_button][\/et_pb_column][\/et_pb_row][\/et_pb_section][et_pb_section fb_built=&#8221;1&#8243; admin_label=&#8221;Footer&#8221; _builder_version=&#8221;4.19.5&#8243; _module_preset=&#8221;default&#8221; background_color=&#8221;gcid-1bcf785a-50e1-437b-b09f-65567babc1de&#8221; use_background_color_gradient=&#8221;on&#8221; background_color_gradient_stops=&#8221;gcid-1bcf785a-50e1-437b-b09f-65567babc1de 0%|rgba(255,255,255,0) 30%&#8221; background_color_gradient_overlays_image=&#8221;on&#8221; background_image=&#8221;https:\/\/ctasoftware.pl\/wp-content\/uploads\/2025\/05\/ai-49c.jpg&#8221; background_last_edited=&#8221;on|tablet&#8221; background_position_tablet=&#8221;center_left&#8221; saved_tabs=&#8221;all&#8221; collapsed=&#8221;on&#8221; global_colors_info=&#8221;{%22gcid-1bcf785a-50e1-437b-b09f-65567babc1de%22:%91%22background_color%22,%22background_color_gradient_stops%22%93}&#8221;][et_pb_row column_structure=&#8221;3_5,2_5&#8243; _builder_version=&#8221;4.27.4&#8243; _module_preset=&#8221;default&#8221; global_colors_info=&#8221;{}&#8221;][et_pb_column type=&#8221;3_5&#8243; _builder_version=&#8221;4.19.2&#8243; _module_preset=&#8221;default&#8221; global_colors_info=&#8221;{}&#8221;][et_pb_image src=&#8221;https:\/\/ctasoftware.pl\/wp-content\/uploads\/2025\/05\/ctasoftware-logo.svg&#8221; title_text=&#8221;ctasoftware-logo&#8221; url=&#8221;@ET-DC@eyJkeW5hbWljIjp0cnVlLCJjb250ZW50IjoiaG9tZV91cmwiLCJzZXR0aW5ncyI6e319@&#8221; _builder_version=&#8221;4.27.4&#8243; _dynamic_attributes=&#8221;url&#8221; _module_preset=&#8221;default&#8221; max_height=&#8221;80px&#8221; global_colors_info=&#8221;{}&#8221;][\/et_pb_image][\/et_pb_column][et_pb_column type=&#8221;2_5&#8243; _builder_version=&#8221;4.19.2&#8243; _module_preset=&#8221;default&#8221; global_colors_info=&#8221;{}&#8221;][et_pb_text _builder_version=&#8221;4.27.4&#8243; _module_preset=&#8221;b0c0976f-5d64-47fe-b4a9-58cd346c3dc8&#8243; custom_margin=&#8221;||20px||false|false&#8221; global_colors_info=&#8221;{}&#8221;]<\/p>\n<h5>Kontakt<\/h5>\n<p>[\/et_pb_text][et_pb_text _builder_version=&#8221;4.27.4&#8243; _module_preset=&#8221;d77b431b-ea9d-47fb-a22f-e040866080fc&#8221; link_text_color=&#8221;rgba(255,255,255,0.75)&#8221; custom_margin=&#8221;||10px||false|false&#8221; global_colors_info=&#8221;{}&#8221;]Polna 105\/25<br \/>\n87-100 Toru\u0144<br \/>\nbiuro@ctasoftware.pl[\/et_pb_text][\/et_pb_column][\/et_pb_row][et_pb_row _builder_version=&#8221;4.19.2&#8243; _module_preset=&#8221;default&#8221; global_colors_info=&#8221;{}&#8221;][et_pb_column type=&#8221;4_4&#8243; _builder_version=&#8221;4.19.2&#8243; _module_preset=&#8221;default&#8221; global_colors_info=&#8221;{}&#8221;][\/et_pb_column][\/et_pb_row][\/et_pb_section]<\/p>\n","protected":false},"excerpt":{"rendered":"<p>Oprogramowanie dedykowaneRozwijaj swoj\u0105 firm\u0119 razem z namioferujemy innowacyjne rozwi\u0105zania oprogramowania, kt\u00f3re usprawni\u0105 Twoje procesy biznesowe i przyspiesz\u0105 wzrost. Zaufaj naszym ekspertom i wejd\u017a na wy\u017cszy poziom efektywno\u015bci!Chcesz monitorowa\u0107 wydajno\u015b\u0107 swoich maszyn?Tworzymy dedykowane systemy do monitorowania pracy maszyn oraz analizy wska\u017anika OEE (Overall Equipment Effectiveness), kt\u00f3re pozwalaj\u0105 zbiera\u0107 dane bezpo\u015brednio z produkcji i prezentowa\u0107 je w [&hellip;]<\/p>\n","protected":false},"author":1,"featured_media":0,"parent":0,"menu_order":0,"comment_status":"closed","ping_status":"closed","template":"","meta":{"_et_pb_use_builder":"on","_et_pb_old_content":"","_et_gb_content_width":"","inline_featured_image":false,"footnotes":""},"class_list":["post-7","page","type-page","status-publish","hentry"],"_links":{"self":[{"href":"https:\/\/ctasoftware.pl\/index.php\/wp-json\/wp\/v2\/pages\/7","targetHints":{"allow":["GET"]}}],"collection":[{"href":"https:\/\/ctasoftware.pl\/index.php\/wp-json\/wp\/v2\/pages"}],"about":[{"href":"https:\/\/ctasoftware.pl\/index.php\/wp-json\/wp\/v2\/types\/page"}],"author":[{"embeddable":true,"href":"https:\/\/ctasoftware.pl\/index.php\/wp-json\/wp\/v2\/users\/1"}],"replies":[{"embeddable":true,"href":"https:\/\/ctasoftware.pl\/index.php\/wp-json\/wp\/v2\/comments?post=7"}],"version-history":[{"count":12,"href":"https:\/\/ctasoftware.pl\/index.php\/wp-json\/wp\/v2\/pages\/7\/revisions"}],"predecessor-version":[{"id":63,"href":"https:\/\/ctasoftware.pl\/index.php\/wp-json\/wp\/v2\/pages\/7\/revisions\/63"}],"wp:attachment":[{"href":"https:\/\/ctasoftware.pl\/index.php\/wp-json\/wp\/v2\/media?parent=7"}],"curies":[{"name":"wp","href":"https:\/\/api.w.org\/{rel}","templated":true}]}}